  {"id":309,"date":"2020-09-18T20:46:49","date_gmt":"2020-09-18T20:46:49","guid":{"rendered":"https:\/\/www.nicholls.edu\/cheniere\/?page_id=309"},"modified":"2022-07-06T15:47:56","modified_gmt":"2022-07-06T15:47:56","slug":"call-for-papers","status":"publish","type":"page","link":"https:\/\/www.nicholls.edu\/cheniere\/call-for-papers\/","title":{"rendered":"Call for Papers"},"content":{"rendered":"\t\t<div data-elementor-type=\"wp-page\" data-elementor-id=\"309\" class=\"elementor elementor-309\" data-elementor-post-type=\"page\">\n\t\t\t\t\t\t<section class=\"elementor-section elementor-top-section elementor-element elementor-element-72e4c43 elementor-section-height-min-height elementor-section-boxed elementor-section-height-default elementor-section-items-middle\" data-id=\"72e4c43\" data-element_type=\"section\" data-e-type=\"section\" data-settings=\"{&quot;background_background&quot;:&quot;classic&quot;}\">\n\t\t\t\t\t\t<div class=\"elementor-container elementor-column-gap-default\">\n\t\t\t\t\t<div class=\"elementor-column elementor-col-100 elementor-top-column elementor-element elementor-element-b830f1b\" data-id=\"b830f1b\" data-element_type=\"column\" data-e-type=\"column\">\n\t\t\t<div class=\"elementor-widget-wrap elementor-element-populated\">\n\t\t\t\t\t\t<div class=\"elementor-element elementor-element-e1e63ec elementor-widget elementor-widget-heading\" data-id=\"e1e63ec\" data-element_type=\"widget\" data-e-type=\"widget\" data-widget_type=\"heading.default\">\n\t\t\t\t<div class=\"elementor-widget-container\">\n\t\t\t\t\t<h2 class=\"elementor-heading-title elementor-size-default\">Ch\u00eani\u00e8re call-for-papers<\/h2>\t\t\t\t<\/div>\n\t\t\t\t<\/div>\n\t\t\t\t\t<\/div>\n\t\t<\/div>\n\t\t\t\t\t<\/div>\n\t\t<\/section>\n\t\t\t\t<section class=\"elementor-section elementor-top-section elementor-element elementor-element-a75b97a elementor-section-boxed elementor-section-height-default elementor-section-height-default\" data-id=\"a75b97a\" data-element_type=\"section\" data-e-type=\"section\">\n\t\t\t\t\t\t<div class=\"elementor-container elementor-column-gap-default\">\n\t\t\t\t\t<div class=\"elementor-column elementor-col-100 elementor-top-column elementor-element elementor-element-22f6b45\" data-id=\"22f6b45\" data-element_type=\"column\" data-e-type=\"column\">\n\t\t\t<div class=\"elementor-widget-wrap elementor-element-populated\">\n\t\t\t\t\t\t<div class=\"elementor-element elementor-element-974c9d4 elementor-widget elementor-widget-spacer\" data-id=\"974c9d4\" data-element_type=\"widget\" data-e-type=\"widget\" data-widget_type=\"spacer.default\">\n\t\t\t\t<div class=\"elementor-widget-container\">\n\t\t\t\t\t\t\t<div class=\"elementor-spacer\">\n\t\t\t<div class=\"elementor-spacer-inner\"><\/div>\n\t\t<\/div>\n\t\t\t\t\t\t<\/div>\n\t\t\t\t<\/div>\n\t\t\t\t<div class=\"elementor-element elementor-element-242c4c9 elementor-widget elementor-widget-text-editor\" data-id=\"242c4c9\" data-element_type=\"widget\" data-e-type=\"widget\" data-widget_type=\"text-editor.default\">\n\t\t\t\t<div class=\"elementor-widget-container\">\n\t\t\t\t\t\t\t\t\t<p>Ch\u00eani\u00e8re is the online, undergraduate, humanities journal of the Gulf Coast region. The journal exists to promote the scholarly work of undergraduates across the country but tries to showcase work from students along the Gulf Coast.<\/p><p>For the sixth issue of Ch\u00eani\u00e8re, the editors are now soliciting submissions. The issue is \u2018open topic,\u2019 as long as the subject matter is the humanities.<\/p>\t\t\t\t\t\t\t\t<\/div>\n\t\t\t\t<\/div>\n\t\t\t\t<div class=\"elementor-element elementor-element-deea4a0 elementor-widget elementor-widget-text-editor\" data-id=\"deea4a0\" data-element_type=\"widget\" data-e-type=\"widget\" data-widget_type=\"text-editor.default\">\n\t\t\t\t<div class=\"elementor-widget-container\">\n\t\t\t\t\t\t\t\t\t<p>Please send any essay written in the humanities to nsuchenieresubmit@gmail.com. Essays should be in MLA format.<\/p><p>The deadline for the next issue is 31 December 2022.<\/p>\t\t\t\t\t\t\t\t<\/div>\n\t\t\t\t<\/div>\n\t\t\t\t\t<\/div>\n\t\t<\/div>\n\t\t\t\t\t<\/div>\n\t\t<\/section>\n\t\t\t\t<\/div>\n\t\t","protected":false},"excerpt":{"rendered":"<p>Ch\u00eani\u00e8re call-for-papers Ch\u00eani\u00e8re is the online, undergraduate, humanities journal of the Gulf Coast region. The journal exists to promote the scholarly work of undergraduates across the country but tries to showcase work from students along the Gulf Coast. For the sixth issue of Ch\u00eani\u00e8re, the editors are now soliciting submissions. The issue is \u2018open topic,\u2019 [&hellip;]<\/p>\n","protected":false},"author":6,"featured_media":0,"parent":0,"menu_order":4,"comment_status":"closed","ping_status":"closed","template":"","meta":{"site-sidebar-layout":"no-sidebar","site-content-layout":"page-builder","ast-site-content-layout":"default","site-content-style":"default","site-sidebar-style":"default","ast-global-header-display":"","ast-banner-title-visibility":"","ast-main-header-display":"","ast-hfb-above-header-display":"","ast-hfb-below-header-display":"","ast-hfb-mobile-header-display":"","site-post-title":"disabled","ast-breadcrumbs-content":"","ast-featured-img":"disabled","footer-sml-layout":"","ast-disable-related-posts":"","theme-transparent-header-meta":"default","adv-header-id-meta":"","stick-header-meta":"","header-above-stick-meta":"","header-main-stick-meta":"","header-below-stick-meta":"","astra-migrate-meta-layouts":"default","ast-page-background-enabled":"default","ast-page-background-meta":{"desktop":{"background-color":"","background-image":"","background-repeat":"repeat","background-position":"center center","background-size":"auto","background-attachment":"scroll","background-type":"","background-media":"","overlay-type":"","overlay-color":"","overlay-opacity":"","overlay-gradient":""},"tablet":{"background-color":"","background-image":"","background-repeat":"repeat","background-position":"center center","background-size":"auto","background-attachment":"scroll","background-type":"","background-media":"","overlay-type":"","overlay-color":"","overlay-opacity":"","overlay-gradient":""},"mobile":{"background-color":"","background-image":"","background-repeat":"repeat","background-position":"center center","background-size":"auto","background-attachment":"scroll","background-type":"","background-media":"","overlay-type":"","overlay-color":"","overlay-opacity":"","overlay-gradient":""}},"ast-content-background-meta":{"desktop":{"background-color":"var(--ast-global-color-5)","background-image":"","background-repeat":"repeat","background-position":"center center","background-size":"auto","background-attachment":"scroll","background-type":"","background-media":"","overlay-type":"","overlay-color":"","overlay-opacity":"","overlay-gradient":""},"tablet":{"background-color":"var(--ast-global-color-5)","background-image":"","background-repeat":"repeat","background-position":"center center","background-size":"auto","background-attachment":"scroll","background-type":"","background-media":"","overlay-type":"","overlay-color":"","overlay-opacity":"","overlay-gradient":""},"mobile":{"background-color":"var(--ast-global-color-5)","background-image":"","background-repeat":"repeat","background-position":"center center","background-size":"auto","background-attachment":"scroll","background-type":"","background-media":"","overlay-type":"","overlay-color":"","overlay-opacity":"","overlay-gradient":""}},"footnotes":""},"class_list":["post-309","page","type-page","status-publish","hentry"],"yoast_head":"<!-- This site is optimized with the Yoast SEO plugin v27.2 - https:\/\/yoast.com\/product\/yoast-seo-wordpress\/ -->\n<title>Call for Papers - Ch\u00eani\u00e8re: The ÐÓ°É´«Ã½ Undergraduate Humanities Review<\/title>\n<meta name=\"robots\" content=\"index, follow, max-snippet:-1, max-image-preview:large, max-video-preview:-1\" \/>\n<link rel=\"canonical\" href=\"https:\/\/www.nicholls.edu\/cheniere\/call-for-papers\/\" \/>\n<meta property=\"og:locale\" content=\"en_US\" \/>\n<meta property=\"og:type\" content=\"article\" \/>\n<meta property=\"og:title\" content=\"Call for Papers - Ch\u00eani\u00e8re: The ÐÓ°É´«Ã½ Undergraduate Humanities Review\" \/>\n<meta property=\"og:description\" content=\"Ch\u00eani\u00e8re call-for-papers Ch\u00eani\u00e8re is the online, undergraduate, humanities journal of the Gulf Coast region. The journal exists to promote the scholarly work of undergraduates across the country but tries to showcase work from students along the Gulf Coast. For the sixth issue of Ch\u00eani\u00e8re, the editors are now soliciting submissions. The issue is \u2018open topic,\u2019 [&hellip;]\" \/>\n<meta property=\"og:url\" content=\"https:\/\/www.nicholls.edu\/cheniere\/call-for-papers\/\" \/>\n<meta property=\"og:site_name\" content=\"Ch\u00eani\u00e8re: The ÐÓ°É´«Ã½ Undergraduate Humanities Review\" \/>\n<meta property=\"article:modified_time\" content=\"2022-07-06T15:47:56+00:00\" \/>\n<meta name=\"twitter:card\" content=\"summary_large_image\" \/>\n<meta name=\"twitter:label1\" content=\"Est. reading time\" \/>\n\t<meta name=\"twitter:data1\" content=\"1 minute\" \/>\n<script type=\"application\/ld+json\" class=\"yoast-schema-graph\">{\"@context\":\"https:\/\/schema.org\",\"@graph\":[{\"@type\":\"WebPage\",\"@id\":\"https:\/\/www.nicholls.edu\/cheniere\/call-for-papers\/\",\"url\":\"https:\/\/www.nicholls.edu\/cheniere\/call-for-papers\/\",\"name\":\"Call for Papers - Ch\u00eani\u00e8re: The ÐÓ°É´«Ã½ Undergraduate Humanities Review\",\"isPartOf\":{\"@id\":\"https:\/\/www.nicholls.edu\/cheniere\/#website\"},\"datePublished\":\"2020-09-18T20:46:49+00:00\",\"dateModified\":\"2022-07-06T15:47:56+00:00\",\"breadcrumb\":{\"@id\":\"https:\/\/www.nicholls.edu\/cheniere\/call-for-papers\/#breadcrumb\"},\"inLanguage\":\"en-US\",\"potentialAction\":[{\"@type\":\"ReadAction\",\"target\":[\"https:\/\/www.nicholls.edu\/cheniere\/call-for-papers\/\"]}]},{\"@type\":\"BreadcrumbList\",\"@id\":\"https:\/\/www.nicholls.edu\/cheniere\/call-for-papers\/#breadcrumb\",\"itemListElement\":[{\"@type\":\"ListItem\",\"position\":1,\"name\":\"Home\",\"item\":\"https:\/\/www.nicholls.edu\/cheniere\/\"},{\"@type\":\"ListItem\",\"position\":2,\"name\":\"Call for Papers\"}]},{\"@type\":\"WebSite\",\"@id\":\"https:\/\/www.nicholls.edu\/cheniere\/#website\",\"url\":\"https:\/\/www.nicholls.edu\/cheniere\/\",\"name\":\"Ch\u00eani\u00e8re: The ÐÓ°É´«Ã½ Undergraduate Humanities Review\",\"description\":\"Just another ÐÓ°É´«Ã½ site\",\"publisher\":{\"@id\":\"https:\/\/www.nicholls.edu\/cheniere\/#organization\"},\"potentialAction\":[{\"@type\":\"SearchAction\",\"target\":{\"@type\":\"EntryPoint\",\"urlTemplate\":\"https:\/\/www.nicholls.edu\/cheniere\/?s={search_term_string}\"},\"query-input\":{\"@type\":\"PropertyValueSpecification\",\"valueRequired\":true,\"valueName\":\"search_term_string\"}}],\"inLanguage\":\"en-US\"},{\"@type\":\"Organization\",\"@id\":\"https:\/\/www.nicholls.edu\/cheniere\/#organization\",\"name\":\"Ch\u00eani\u00e8re: The ÐÓ°É´«Ã½ Undergraduate Humanities Review\",\"url\":\"https:\/\/www.nicholls.edu\/cheniere\/\",\"logo\":{\"@type\":\"ImageObject\",\"inLanguage\":\"en-US\",\"@id\":\"https:\/\/www.nicholls.edu\/cheniere\/#\/schema\/logo\/image\/\",\"url\":\"https:\/\/www.nicholls.edu\/cheniere\/wp-content\/uploads\/sites\/71\/2020\/04\/cheniere-logo2.webp\",\"contentUrl\":\"https:\/\/www.nicholls.edu\/cheniere\/wp-content\/uploads\/sites\/71\/2020\/04\/cheniere-logo2.webp\",\"width\":392,\"height\":142,\"caption\":\"Ch\u00eani\u00e8re: The ÐÓ°É´«Ã½ Undergraduate Humanities Review\"},\"image\":{\"@id\":\"https:\/\/www.nicholls.edu\/cheniere\/#\/schema\/logo\/image\/\"}}]}<\/script>\n<!-- \/ Yoast SEO plugin. -->","yoast_head_json":{"title":"Call for Papers - Ch\u00eani\u00e8re: The ÐÓ°É´«Ã½ Undergraduate Humanities Review","robots":{"index":"index","follow":"follow","max-snippet":"max-snippet:-1","max-image-preview":"max-image-preview:large","max-video-preview":"max-video-preview:-1"},"canonical":"https:\/\/www.nicholls.edu\/cheniere\/call-for-papers\/","og_locale":"en_US","og_type":"article","og_title":"Call for Papers - Ch\u00eani\u00e8re: The ÐÓ°É´«Ã½ Undergraduate Humanities Review","og_description":"Ch\u00eani\u00e8re call-for-papers Ch\u00eani\u00e8re is the online, undergraduate, humanities journal of the Gulf Coast region. The journal exists to promote the scholarly work of undergraduates across the country but tries to showcase work from students along the Gulf Coast. For the sixth issue of Ch\u00eani\u00e8re, the editors are now soliciting submissions. The issue is \u2018open topic,\u2019 [&hellip;]","og_url":"https:\/\/www.nicholls.edu\/cheniere\/call-for-papers\/","og_site_name":"Ch\u00eani\u00e8re: The ÐÓ°É´«Ã½ Undergraduate Humanities Review","article_modified_time":"2022-07-06T15:47:56+00:00","twitter_card":"summary_large_image","twitter_misc":{"Est. reading time":"1 minute"},"schema":{"@context":"https:\/\/schema.org","@graph":[{"@type":"WebPage","@id":"https:\/\/www.nicholls.edu\/cheniere\/call-for-papers\/","url":"https:\/\/www.nicholls.edu\/cheniere\/call-for-papers\/","name":"Call for Papers - Ch\u00eani\u00e8re: The ÐÓ°É´«Ã½ Undergraduate Humanities Review","isPartOf":{"@id":"https:\/\/www.nicholls.edu\/cheniere\/#website"},"datePublished":"2020-09-18T20:46:49+00:00","dateModified":"2022-07-06T15:47:56+00:00","breadcrumb":{"@id":"https:\/\/www.nicholls.edu\/cheniere\/call-for-papers\/#breadcrumb"},"inLanguage":"en-US","potentialAction":[{"@type":"ReadAction","target":["https:\/\/www.nicholls.edu\/cheniere\/call-for-papers\/"]}]},{"@type":"BreadcrumbList","@id":"https:\/\/www.nicholls.edu\/cheniere\/call-for-papers\/#breadcrumb","itemListElement":[{"@type":"ListItem","position":1,"name":"Home","item":"https:\/\/www.nicholls.edu\/cheniere\/"},{"@type":"ListItem","position":2,"name":"Call for Papers"}]},{"@type":"WebSite","@id":"https:\/\/www.nicholls.edu\/cheniere\/#website","url":"https:\/\/www.nicholls.edu\/cheniere\/","name":"Ch\u00eani\u00e8re: The ÐÓ°É´«Ã½ Undergraduate Humanities Review","description":"Just another ÐÓ°É´«Ã½ site","publisher":{"@id":"https:\/\/www.nicholls.edu\/cheniere\/#organization"},"potentialAction":[{"@type":"SearchAction","target":{"@type":"EntryPoint","urlTemplate":"https:\/\/www.nicholls.edu\/cheniere\/?s={search_term_string}"},"query-input":{"@type":"PropertyValueSpecification","valueRequired":true,"valueName":"search_term_string"}}],"inLanguage":"en-US"},{"@type":"Organization","@id":"https:\/\/www.nicholls.edu\/cheniere\/#organization","name":"Ch\u00eani\u00e8re: The ÐÓ°É´«Ã½ Undergraduate Humanities Review","url":"https:\/\/www.nicholls.edu\/cheniere\/","logo":{"@type":"ImageObject","inLanguage":"en-US","@id":"https:\/\/www.nicholls.edu\/cheniere\/#\/schema\/logo\/image\/","url":"https:\/\/www.nicholls.edu\/cheniere\/wp-content\/uploads\/sites\/71\/2020\/04\/cheniere-logo2.webp","contentUrl":"https:\/\/www.nicholls.edu\/cheniere\/wp-content\/uploads\/sites\/71\/2020\/04\/cheniere-logo2.webp","width":392,"height":142,"caption":"Ch\u00eani\u00e8re: The ÐÓ°É´«Ã½ Undergraduate Humanities Review"},"image":{"@id":"https:\/\/www.nicholls.edu\/cheniere\/#\/schema\/logo\/image\/"}}]}},"_links":{"self":[{"href":"https:\/\/www.nicholls.edu\/cheniere\/wp-json\/wp\/v2\/pages\/309","targetHints":{"allow":["GET"]}}],"collection":[{"href":"https:\/\/www.nicholls.edu\/cheniere\/wp-json\/wp\/v2\/pages"}],"about":[{"href":"https:\/\/www.nicholls.edu\/cheniere\/wp-json\/wp\/v2\/types\/page"}],"author":[{"embeddable":true,"href":"https:\/\/www.nicholls.edu\/cheniere\/wp-json\/wp\/v2\/users\/6"}],"replies":[{"embeddable":true,"href":"https:\/\/www.nicholls.edu\/cheniere\/wp-json\/wp\/v2\/comments?post=309"}],"version-history":[{"count":0,"href":"https:\/\/www.nicholls.edu\/cheniere\/wp-json\/wp\/v2\/pages\/309\/revisions"}],"wp:attachment":[{"href":"https:\/\/www.nicholls.edu\/cheniere\/wp-json\/wp\/v2\/media?parent=309"}],"curies":[{"name":"wp","href":"https:\/\/api.w.org\/{rel}","templated":true}]}}